{"id":51,"date":"2017-06-14T13:18:16","date_gmt":"2017-06-14T12:18:16","guid":{"rendered":"http:\/\/www.ecrivaine-essayiste.fr\/?page_id=51"},"modified":"2026-04-05T21:55:54","modified_gmt":"2026-04-05T20:55:54","slug":"bienvenue-sur-mon-site","status":"publish","type":"page","link":"https:\/\/www.ecrivaine-essayiste.fr\/","title":{"rendered":"BIENVENUE SUR MON SITE&#8230;"},"content":{"rendered":"<div style=\"background-attachment: fixed; border: 2px solid #99cc00; border-radius: 10px; opacity: 0.90; width: 80%;\">\n<table style=\"border: no;\">\n<tbody>\n<tr>\n<td style=\"text-align: left;\">QUI SUIS-JE ?<\/p>\n<p>Qui suis -je ?<br \/>\nDARTSTRAY est un pseudonyme.<br \/>\nMon nom d&rsquo;usage (marital par alliance) ne se trouve pas ici d\u00e9voil\u00e9 afin de respecter ceux qui le portent \u00e9galement et qui pourraient peut-\u00eatre se montrer \u00ab\u00a0embarrass\u00e9s\u00a0\u00bb face \u00e0 une \u00e9criture supportant des concepts auxquels ils n&rsquo;adh\u00e8rent pas syst\u00e9matiquement.<\/p>\n<p>B\u00c9ATRYSSE EST \u00c9GALEMENT UN ALIAS bien que ce pr\u00e9nom m&rsquo;ait \u00e9t\u00e9 donn\u00e9 initialement avant d&rsquo;en faire apposer un autre sur les registres de l&rsquo;\u00e9tat civil.<\/p>\n<p>J&rsquo;appartiens pr\u00e9cis\u00e9ment \u00e0 la famille PICOS.<br \/>\nFille unique, mes parents m&rsquo;ont pr\u00e9nomm\u00e9e FRAN\u00c7OISE.<br \/>\nJe leur dois l&rsquo;honneur d&rsquo;exister et  de pouvoir partager avec vous &#8211; chers lecteurs &#8211; quelques instants de fraternit\u00e9.<\/p>\n<p>Anciennement logop\u00e8de je ne suis introduite ni au sein du cercle \u00a0\u00bb des gens de lettres\u00a0\u00bb ni \u00e0 celui des \u00ab\u00a0artistes\u00a0\u00bb.<br \/>\nJ&rsquo;\u00e9cris simplement pour divulguer des informations et affirmer mes convictions lorsque je m&rsquo;adresse aux adultes.<\/p>\n<p>J&rsquo;effectue quelques dessins de facture non acad\u00e9mique afin d&rsquo;illustrer les textes pour enfants.<\/p>\n<p>Quant aux quelques photos (peu nombreuses), elles restent personnelles mais partag\u00e9es avec mes petits lecteurs.<\/p>\n<p>Jamais, je n&rsquo;utilise \u00ab\u00a0l&rsquo;IA\u00a0\u00bb pour \u00ab\u00a0lisser\u00a0\u00bb ou \u00ab\u00a0construire\u00a0\u00bb mes productions diverses sur ce site dont l&rsquo;acc\u00e8s s&rsquo;av\u00e8re enti\u00e8rement gratuit.<\/p>\n<p>Merci de me lire.<br \/>\nEt \u00e0 tr\u00e8s bient\u00f4t pour de nouvelles d\u00e9couvertes !&#8230;<\/p>\n<p>\u00c0 bient\u00f4t.<br \/>\nB\u00c9ATRYSSE DARTSTRAY<\/td>\n<\/tr>\n<\/tbody>\n<\/table>\n<\/div>\n<div style=\"background-attachment: fixed; border: 2px solid #99cc00; border-radius: 10px; opacity: 0.9; width: 80%; text-align: center;\">\n<table style=\"border: no;\">\n<tbody>\n<tr>\n<td><a href=\"https:\/\/www.ecrivaine-essayiste.fr\/wp-content\/uploads\/2024\/01\/perce-neige.jpg\"><img loading=\"lazy\" decoding=\"async\" class=\"alignnone size-medium wp-image-1087\" src=\"https:\/\/www.ecrivaine-essayiste.fr\/wp-content\/uploads\/2024\/01\/perce-neige-215x300.jpg\" alt=\"perce-neige\" width=\"215\" height=\"300\" srcset=\"https:\/\/www.ecrivaine-essayiste.fr\/wp-content\/uploads\/2024\/01\/perce-neige-215x300.jpg 215w, https:\/\/www.ecrivaine-essayiste.fr\/wp-content\/uploads\/2024\/01\/perce-neige-735x1024.jpg 735w, https:\/\/www.ecrivaine-essayiste.fr\/wp-content\/uploads\/2024\/01\/perce-neige-768x1070.jpg 768w, https:\/\/www.ecrivaine-essayiste.fr\/wp-content\/uploads\/2024\/01\/perce-neige.jpg 1024w\" sizes=\"auto, (max-width: 215px) 100vw, 215px\" \/><\/a><\/td>\n<\/tr>\n<\/tbody>\n<\/table>\n<\/div>\n","protected":false},"excerpt":{"rendered":"<p>QUI SUIS-JE ? Qui suis -je ? DARTSTRAY est un pseudonyme. Mon nom d&rsquo;usage (marital par alliance) ne se trouve pas ici d\u00e9voil\u00e9 afin de respecter ceux qui le portent \u00e9galement et qui pourraient peut-\u00eatre se montrer \u00ab\u00a0embarrass\u00e9s\u00a0\u00bb face \u00e0 une \u00e9criture supportant des concepts auxquels ils n&rsquo;adh\u00e8rent pas syst\u00e9matiquement. B\u00c9ATRYSSE EST \u00c9GALEMENT UN ALIAS &hellip; <\/p>\n<p class=\"link-more\"><a href=\"https:\/\/www.ecrivaine-essayiste.fr\/\" class=\"more-link\">Continuer la lecture<span class=\"screen-reader-text\"> de &laquo;&nbsp;BIENVENUE SUR MON SITE&#8230;&nbsp;&raquo;<\/span><\/a><\/p>\n","protected":false},"author":1,"featured_media":0,"parent":0,"menu_order":0,"comment_status":"closed","ping_status":"closed","template":"","meta":{"footnotes":""},"class_list":["post-51","page","type-page","status-publish","hentry"],"yoast_head":"<!-- This site is optimized with the Yoast SEO plugin v27.1.1 - https:\/\/yoast.com\/product\/yoast-seo-wordpress\/ -->\n<title>BIENVENUE SUR MON SITE... - B\u00e9atrysse Dartstray - \u00c9crivaine...<\/title>\n<meta name=\"description\" content=\"\u00c9crivaine : je suis, parce que j&#039;ai la possibilit\u00e9 de transcrire modestement ma pens\u00e9e par le code complexe du langage \u00e9crit.\" \/>\n<meta name=\"robots\" content=\"index, follow, max-snippet:-1, max-image-preview:large, max-video-preview:-1\" \/>\n<link rel=\"canonical\" href=\"https:\/\/www.ecrivaine-essayiste.fr\/\" \/>\n<meta property=\"og:locale\" content=\"fr_FR\" \/>\n<meta property=\"og:type\" content=\"article\" \/>\n<meta property=\"og:title\" content=\"BIENVENUE SUR MON SITE... - B\u00e9atrysse Dartstray - \u00c9crivaine...\" \/>\n<meta property=\"og:description\" content=\"\u00c9crivaine : je suis, parce que j&#039;ai la possibilit\u00e9 de transcrire modestement ma pens\u00e9e par le code complexe du langage \u00e9crit.\" \/>\n<meta property=\"og:url\" content=\"https:\/\/www.ecrivaine-essayiste.fr\/\" \/>\n<meta property=\"og:site_name\" content=\"B\u00e9atrysse Dartstray - \u00c9crivaine-essayiste\" \/>\n<meta property=\"article:modified_time\" content=\"2026-04-05T20:55:54+00:00\" \/>\n<meta property=\"og:image\" content=\"https:\/\/www.ecrivaine-essayiste.fr\/wp-content\/uploads\/2024\/01\/perce-neige.jpg\" \/>\n\t<meta property=\"og:image:width\" content=\"1024\" \/>\n\t<meta property=\"og:image:height\" content=\"1427\" \/>\n\t<meta property=\"og:image:type\" content=\"image\/jpeg\" \/>\n<meta name=\"twitter:card\" content=\"summary_large_image\" \/>\n<meta name=\"twitter:label1\" content=\"Dur\u00e9e de lecture estim\u00e9e\" \/>\n\t<meta name=\"twitter:data1\" content=\"2 minutes\" \/>\n<script type=\"application\/ld+json\" class=\"yoast-schema-graph\">{\"@context\":\"https:\/\/schema.org\",\"@graph\":[{\"@type\":\"WebPage\",\"@id\":\"https:\/\/www.ecrivaine-essayiste.fr\/\",\"url\":\"https:\/\/www.ecrivaine-essayiste.fr\/\",\"name\":\"BIENVENUE SUR MON SITE... - B\u00e9atrysse Dartstray - \u00c9crivaine...\",\"isPartOf\":{\"@id\":\"https:\/\/www.ecrivaine-essayiste.fr\/#website\"},\"primaryImageOfPage\":{\"@id\":\"https:\/\/www.ecrivaine-essayiste.fr\/#primaryimage\"},\"image\":{\"@id\":\"https:\/\/www.ecrivaine-essayiste.fr\/#primaryimage\"},\"thumbnailUrl\":\"https:\/\/www.ecrivaine-essayiste.fr\/wp-content\/uploads\/2024\/01\/perce-neige-215x300.jpg\",\"datePublished\":\"2017-06-14T12:18:16+00:00\",\"dateModified\":\"2026-04-05T20:55:54+00:00\",\"description\":\"\u00c9crivaine : je suis, parce que j'ai la possibilit\u00e9 de transcrire modestement ma pens\u00e9e par le code complexe du langage \u00e9crit.\",\"breadcrumb\":{\"@id\":\"https:\/\/www.ecrivaine-essayiste.fr\/#breadcrumb\"},\"inLanguage\":\"fr-FR\",\"potentialAction\":[{\"@type\":\"ReadAction\",\"target\":[\"https:\/\/www.ecrivaine-essayiste.fr\/\"]}]},{\"@type\":\"ImageObject\",\"inLanguage\":\"fr-FR\",\"@id\":\"https:\/\/www.ecrivaine-essayiste.fr\/#primaryimage\",\"url\":\"https:\/\/www.ecrivaine-essayiste.fr\/wp-content\/uploads\/2024\/01\/perce-neige.jpg\",\"contentUrl\":\"https:\/\/www.ecrivaine-essayiste.fr\/wp-content\/uploads\/2024\/01\/perce-neige.jpg\",\"width\":1024,\"height\":1427,\"caption\":\"perce-neige\"},{\"@type\":\"BreadcrumbList\",\"@id\":\"https:\/\/www.ecrivaine-essayiste.fr\/#breadcrumb\",\"itemListElement\":[{\"@type\":\"ListItem\",\"position\":1,\"name\":\"Accueil\",\"item\":\"https:\/\/www.ecrivaine-essayiste.fr\/\"},{\"@type\":\"ListItem\",\"position\":2,\"name\":\"BIENVENUE SUR MON SITE&#8230;\"}]},{\"@type\":\"WebSite\",\"@id\":\"https:\/\/www.ecrivaine-essayiste.fr\/#website\",\"url\":\"https:\/\/www.ecrivaine-essayiste.fr\/\",\"name\":\"B\u00e9atrysse Dartstray - \u00c9crivaine-essayiste\",\"description\":\"Lecture plaisir...\",\"publisher\":{\"@id\":\"https:\/\/www.ecrivaine-essayiste.fr\/#organization\"},\"potentialAction\":[{\"@type\":\"SearchAction\",\"target\":{\"@type\":\"EntryPoint\",\"urlTemplate\":\"https:\/\/www.ecrivaine-essayiste.fr\/?s={search_term_string}\"},\"query-input\":{\"@type\":\"PropertyValueSpecification\",\"valueRequired\":true,\"valueName\":\"search_term_string\"}}],\"inLanguage\":\"fr-FR\"},{\"@type\":\"Organization\",\"@id\":\"https:\/\/www.ecrivaine-essayiste.fr\/#organization\",\"name\":\"B\u00e9atrysse Dartstray - \u00c9crivaine-essayiste\",\"url\":\"https:\/\/www.ecrivaine-essayiste.fr\/\",\"logo\":{\"@type\":\"ImageObject\",\"inLanguage\":\"fr-FR\",\"@id\":\"https:\/\/www.ecrivaine-essayiste.fr\/#\/schema\/logo\/image\/\",\"url\":\"https:\/\/www.ecrivaine-essayiste.fr\/wp-content\/uploads\/2017\/08\/cropped-havre_ecrivaine-essayiste.jpg\",\"contentUrl\":\"https:\/\/www.ecrivaine-essayiste.fr\/wp-content\/uploads\/2017\/08\/cropped-havre_ecrivaine-essayiste.jpg\",\"width\":2000,\"height\":1199,\"caption\":\"B\u00e9atrysse Dartstray - \u00c9crivaine-essayiste\"},\"image\":{\"@id\":\"https:\/\/www.ecrivaine-essayiste.fr\/#\/schema\/logo\/image\/\"}}]}<\/script>\n<!-- \/ Yoast SEO plugin. -->","yoast_head_json":{"title":"BIENVENUE SUR MON SITE... - B\u00e9atrysse Dartstray - \u00c9crivaine...","description":"\u00c9crivaine : je suis, parce que j'ai la possibilit\u00e9 de transcrire modestement ma pens\u00e9e par le code complexe du langage \u00e9crit.","robots":{"index":"index","follow":"follow","max-snippet":"max-snippet:-1","max-image-preview":"max-image-preview:large","max-video-preview":"max-video-preview:-1"},"canonical":"https:\/\/www.ecrivaine-essayiste.fr\/","og_locale":"fr_FR","og_type":"article","og_title":"BIENVENUE SUR MON SITE... - B\u00e9atrysse Dartstray - \u00c9crivaine...","og_description":"\u00c9crivaine : je suis, parce que j'ai la possibilit\u00e9 de transcrire modestement ma pens\u00e9e par le code complexe du langage \u00e9crit.","og_url":"https:\/\/www.ecrivaine-essayiste.fr\/","og_site_name":"B\u00e9atrysse Dartstray - \u00c9crivaine-essayiste","article_modified_time":"2026-04-05T20:55:54+00:00","og_image":[{"width":1024,"height":1427,"url":"https:\/\/www.ecrivaine-essayiste.fr\/wp-content\/uploads\/2024\/01\/perce-neige.jpg","type":"image\/jpeg"}],"twitter_card":"summary_large_image","twitter_misc":{"Dur\u00e9e de lecture estim\u00e9e":"2 minutes"},"schema":{"@context":"https:\/\/schema.org","@graph":[{"@type":"WebPage","@id":"https:\/\/www.ecrivaine-essayiste.fr\/","url":"https:\/\/www.ecrivaine-essayiste.fr\/","name":"BIENVENUE SUR MON SITE... - B\u00e9atrysse Dartstray - \u00c9crivaine...","isPartOf":{"@id":"https:\/\/www.ecrivaine-essayiste.fr\/#website"},"primaryImageOfPage":{"@id":"https:\/\/www.ecrivaine-essayiste.fr\/#primaryimage"},"image":{"@id":"https:\/\/www.ecrivaine-essayiste.fr\/#primaryimage"},"thumbnailUrl":"https:\/\/www.ecrivaine-essayiste.fr\/wp-content\/uploads\/2024\/01\/perce-neige-215x300.jpg","datePublished":"2017-06-14T12:18:16+00:00","dateModified":"2026-04-05T20:55:54+00:00","description":"\u00c9crivaine : je suis, parce que j'ai la possibilit\u00e9 de transcrire modestement ma pens\u00e9e par le code complexe du langage \u00e9crit.","breadcrumb":{"@id":"https:\/\/www.ecrivaine-essayiste.fr\/#breadcrumb"},"inLanguage":"fr-FR","potentialAction":[{"@type":"ReadAction","target":["https:\/\/www.ecrivaine-essayiste.fr\/"]}]},{"@type":"ImageObject","inLanguage":"fr-FR","@id":"https:\/\/www.ecrivaine-essayiste.fr\/#primaryimage","url":"https:\/\/www.ecrivaine-essayiste.fr\/wp-content\/uploads\/2024\/01\/perce-neige.jpg","contentUrl":"https:\/\/www.ecrivaine-essayiste.fr\/wp-content\/uploads\/2024\/01\/perce-neige.jpg","width":1024,"height":1427,"caption":"perce-neige"},{"@type":"BreadcrumbList","@id":"https:\/\/www.ecrivaine-essayiste.fr\/#breadcrumb","itemListElement":[{"@type":"ListItem","position":1,"name":"Accueil","item":"https:\/\/www.ecrivaine-essayiste.fr\/"},{"@type":"ListItem","position":2,"name":"BIENVENUE SUR MON SITE&#8230;"}]},{"@type":"WebSite","@id":"https:\/\/www.ecrivaine-essayiste.fr\/#website","url":"https:\/\/www.ecrivaine-essayiste.fr\/","name":"B\u00e9atrysse Dartstray - \u00c9crivaine-essayiste","description":"Lecture plaisir...","publisher":{"@id":"https:\/\/www.ecrivaine-essayiste.fr\/#organization"},"potentialAction":[{"@type":"SearchAction","target":{"@type":"EntryPoint","urlTemplate":"https:\/\/www.ecrivaine-essayiste.fr\/?s={search_term_string}"},"query-input":{"@type":"PropertyValueSpecification","valueRequired":true,"valueName":"search_term_string"}}],"inLanguage":"fr-FR"},{"@type":"Organization","@id":"https:\/\/www.ecrivaine-essayiste.fr\/#organization","name":"B\u00e9atrysse Dartstray - \u00c9crivaine-essayiste","url":"https:\/\/www.ecrivaine-essayiste.fr\/","logo":{"@type":"ImageObject","inLanguage":"fr-FR","@id":"https:\/\/www.ecrivaine-essayiste.fr\/#\/schema\/logo\/image\/","url":"https:\/\/www.ecrivaine-essayiste.fr\/wp-content\/uploads\/2017\/08\/cropped-havre_ecrivaine-essayiste.jpg","contentUrl":"https:\/\/www.ecrivaine-essayiste.fr\/wp-content\/uploads\/2017\/08\/cropped-havre_ecrivaine-essayiste.jpg","width":2000,"height":1199,"caption":"B\u00e9atrysse Dartstray - \u00c9crivaine-essayiste"},"image":{"@id":"https:\/\/www.ecrivaine-essayiste.fr\/#\/schema\/logo\/image\/"}}]}},"_links":{"self":[{"href":"https:\/\/www.ecrivaine-essayiste.fr\/index.php\/wp-json\/wp\/v2\/pages\/51","targetHints":{"allow":["GET"]}}],"collection":[{"href":"https:\/\/www.ecrivaine-essayiste.fr\/index.php\/wp-json\/wp\/v2\/pages"}],"about":[{"href":"https:\/\/www.ecrivaine-essayiste.fr\/index.php\/wp-json\/wp\/v2\/types\/page"}],"author":[{"embeddable":true,"href":"https:\/\/www.ecrivaine-essayiste.fr\/index.php\/wp-json\/wp\/v2\/users\/1"}],"replies":[{"embeddable":true,"href":"https:\/\/www.ecrivaine-essayiste.fr\/index.php\/wp-json\/wp\/v2\/comments?post=51"}],"version-history":[{"count":26,"href":"https:\/\/www.ecrivaine-essayiste.fr\/index.php\/wp-json\/wp\/v2\/pages\/51\/revisions"}],"predecessor-version":[{"id":1467,"href":"https:\/\/www.ecrivaine-essayiste.fr\/index.php\/wp-json\/wp\/v2\/pages\/51\/revisions\/1467"}],"wp:attachment":[{"href":"https:\/\/www.ecrivaine-essayiste.fr\/index.php\/wp-json\/wp\/v2\/media?parent=51"}],"curies":[{"name":"wp","href":"https:\/\/api.w.org\/{rel}","templated":true}]}}