{"id":47,"date":"2017-07-26T17:22:17","date_gmt":"2017-07-26T16:22:17","guid":{"rendered":"http:\/\/www.ecrivaine-essayiste.fr\/?page_id=47"},"modified":"2025-07-16T20:21:35","modified_gmt":"2025-07-16T19:21:35","slug":"contact-beatrysse-darstray","status":"publish","type":"page","link":"https:\/\/www.ecrivaine-essayiste.fr\/index.php\/contact-beatrysse-darstray\/","title":{"rendered":"Contact B\u00e9atrysse Darstray"},"content":{"rendered":"<div id=\"contact\" style=\"background-attachment: fixed; border: 2px solid #99cc00; border-radius: 10px; opacity: 0.90; width: 610px;\">\n<table style=\"width: 610px; text-align: left;\" border=\"0\">\n<tbody>\n<tr>\n<td style=\"text-align: center;\"><img loading=\"lazy\" decoding=\"async\" class=\"aligncenter\" src=\"\/wp-content\/uploads\/2017\/08\/barre01.gif\" alt=\"\" width=\"550\" height=\"7\" border=\"0\"><\/td>\n<\/tr>\n<tr>\n<td style=\"text-align: center;\"><img loading=\"lazy\" decoding=\"async\" class=\"aligncenter\" src=\"\/wp-content\/uploads\/2017\/08\/tit_ctac.png\" alt=\"\" width=\"550\" height=\"93\" border=\"0\"><\/td>\n<\/tr>\n<tr>\n<td style=\"text-align: center;\"><img loading=\"lazy\" decoding=\"async\" class=\"aligncenter\" src=\"\/wp-content\/uploads\/2017\/08\/barre01.gif\" alt=\"\" width=\"550\" height=\"7\" border=\"0\"><\/td>\n<\/tr>\n<tr>\n<td class=\"gpetit\" style=\"text-align: left;\">\n<div class=\"wpcf7 no-js\" id=\"wpcf7-f1341-o1\" lang=\"fr-FR\" dir=\"ltr\" data-wpcf7-id=\"1341\">\n<div class=\"screen-reader-response\"><p role=\"status\" aria-live=\"polite\" aria-atomic=\"true\"><\/p> <ul><\/ul><\/div>\n<form action=\"\/index.php\/wp-json\/wp\/v2\/pages\/47#wpcf7-f1341-o1\" method=\"post\" class=\"wpcf7-form init\" aria-label=\"Formulaire de contact\" enctype=\"multipart\/form-data\" novalidate=\"novalidate\" data-status=\"init\">\n<fieldset class=\"hidden-fields-container\"><input type=\"hidden\" name=\"_wpcf7\" value=\"1341\" \/><input type=\"hidden\" name=\"_wpcf7_version\" value=\"6.1.5\" \/><input type=\"hidden\" name=\"_wpcf7_locale\" value=\"fr_FR\" \/><input type=\"hidden\" name=\"_wpcf7_unit_tag\" value=\"wpcf7-f1341-o1\" \/><input type=\"hidden\" name=\"_wpcf7_container_post\" value=\"0\" \/><input type=\"hidden\" name=\"_wpcf7_posted_data_hash\" value=\"\" \/><input type=\"hidden\" name=\"_wpcf7_recaptcha_response\" value=\"\" \/>\n<\/fieldset>\n<p><label style=\"color: red;\">* Champs obligatoires<\/label>\n<\/p>\n<p><label> Votre nom et pr\u00e9nom *:<br \/>\n<span class=\"wpcf7-form-control-wrap\" data-name=\"your-name\"><input size=\"40\" maxlength=\"400\" class=\"wpcf7-form-control wpcf7-text wpcf7-validates-as-required\" aria-required=\"true\" aria-invalid=\"false\" value=\"\" type=\"text\" name=\"your-name\" \/><\/span> <\/label>\n<\/p>\n<p><label> Votre email *:<br \/>\n<span class=\"wpcf7-form-control-wrap\" data-name=\"your-email\"><input size=\"40\" maxlength=\"400\" class=\"wpcf7-form-control wpcf7-email wpcf7-validates-as-required wpcf7-text wpcf7-validates-as-email\" aria-required=\"true\" aria-invalid=\"false\" value=\"\" type=\"email\" name=\"your-email\" \/><\/span> <\/label>\n<\/p>\n<p><label> Objet de votre demande *:<br \/>\n<span class=\"wpcf7-form-control-wrap\" data-name=\"your-subject\"><input size=\"40\" maxlength=\"400\" class=\"wpcf7-form-control wpcf7-text wpcf7-validates-as-required\" aria-required=\"true\" aria-invalid=\"false\" value=\"\" type=\"text\" name=\"your-subject\" \/><\/span> <\/label>\n<\/p>\n<p><label> Votre message *:<br \/>\n<span class=\"wpcf7-form-control-wrap\" data-name=\"your-message\"><textarea cols=\"40\" rows=\"10\" maxlength=\"2000\" class=\"wpcf7-form-control wpcf7-textarea wpcf7-validates-as-required\" aria-required=\"true\" aria-invalid=\"false\" name=\"your-message\"><\/textarea><\/span> <\/label>\n<\/p>\n<p><label> Fichier joint (optionnel):<br \/>\n<span class=\"wpcf7-form-control-wrap\" data-name=\"file-517\"><input size=\"40\" class=\"wpcf7-form-control wpcf7-file\" accept=\".jpg,.png,.pdf\" aria-invalid=\"false\" type=\"file\" name=\"file-517\" \/><\/span><br \/>\n<span class=\"wpcf7-form-control-wrap\" data-name=\"Accepter\"><span class=\"wpcf7-form-control wpcf7-acceptance\"><span class=\"wpcf7-list-item\"><input type=\"checkbox\" name=\"Accepter\" value=\"1\" aria-invalid=\"false\" \/><\/span><\/span><\/span> Conform\u00e9ment \u00e0 la loi informatique et libert\u00e9 du 06\/01\/78, articles 26 et 27, vous disposez d'un droit d'acc\u00e8s et de rectification aux informations qui vous concernent dans notre fichier.<br \/>\n<input class=\"wpcf7-form-control wpcf7-submit has-spinner\" type=\"submit\" value=\"Envoyer\" \/><\/label>\n<\/p><p style=\"display: none !important;\" class=\"akismet-fields-container\" data-prefix=\"_wpcf7_ak_\"><label>&#916;<textarea name=\"_wpcf7_ak_hp_textarea\" cols=\"45\" rows=\"8\" maxlength=\"100\"><\/textarea><\/label><input type=\"hidden\" id=\"ak_js_1\" name=\"_wpcf7_ak_js\" value=\"52\"\/><script>document.getElementById( \"ak_js_1\" ).setAttribute( \"value\", ( new Date() ).getTime() );<\/script><\/p><div class=\"wpcf7-response-output\" aria-hidden=\"true\"><\/div>\n<\/form>\n<\/div>\n<\/td>\n<\/tr>\n<tr>\n<td><img loading=\"lazy\" decoding=\"async\" class=\"aligncenter\" src=\"\/wp-content\/uploads\/2017\/08\/barre01.gif\" alt=\"\" width=\"550\" height=\"7\" border=\"0\" align=\"middle\"><\/td>\n<\/tr>\n<\/tbody>\n<\/table>\n<\/div>\n","protected":false},"excerpt":{"rendered":"","protected":false},"author":1,"featured_media":0,"parent":0,"menu_order":0,"comment_status":"closed","ping_status":"closed","template":"formulaire_contact.php","meta":{"footnotes":""},"class_list":["post-47","page","type-page","status-publish","hentry"],"yoast_head":"<!-- This site is optimized with the Yoast SEO plugin v27.1.1 - https:\/\/yoast.com\/product\/yoast-seo-wordpress\/ -->\n<title>Contact B\u00e9atrysse Darstray - B\u00e9atrysse Dartstray - \u00c9crivaine-essayiste<\/title>\n<meta name=\"robots\" content=\"index, follow, max-snippet:-1, max-image-preview:large, max-video-preview:-1\" \/>\n<link rel=\"canonical\" href=\"https:\/\/www.ecrivaine-essayiste.fr\/index.php\/contact-beatrysse-darstray\/\" \/>\n<meta property=\"og:locale\" content=\"fr_FR\" \/>\n<meta property=\"og:type\" content=\"article\" \/>\n<meta property=\"og:title\" content=\"Contact B\u00e9atrysse Darstray - B\u00e9atrysse Dartstray - \u00c9crivaine-essayiste\" \/>\n<meta property=\"og:url\" content=\"https:\/\/www.ecrivaine-essayiste.fr\/index.php\/contact-beatrysse-darstray\/\" \/>\n<meta property=\"og:site_name\" content=\"B\u00e9atrysse Dartstray - \u00c9crivaine-essayiste\" \/>\n<meta property=\"article:modified_time\" content=\"2025-07-16T19:21:35+00:00\" \/>\n<meta name=\"twitter:card\" content=\"summary_large_image\" \/>\n<meta name=\"twitter:label1\" content=\"Dur\u00e9e de lecture estim\u00e9e\" \/>\n\t<meta name=\"twitter:data1\" content=\"1 minute\" \/>\n<script type=\"application\/ld+json\" class=\"yoast-schema-graph\">{\"@context\":\"https:\/\/schema.org\",\"@graph\":[{\"@type\":\"WebPage\",\"@id\":\"https:\/\/www.ecrivaine-essayiste.fr\/index.php\/contact-beatrysse-darstray\/\",\"url\":\"https:\/\/www.ecrivaine-essayiste.fr\/index.php\/contact-beatrysse-darstray\/\",\"name\":\"Contact B\u00e9atrysse Darstray - B\u00e9atrysse Dartstray - \u00c9crivaine-essayiste\",\"isPartOf\":{\"@id\":\"https:\/\/www.ecrivaine-essayiste.fr\/#website\"},\"datePublished\":\"2017-07-26T16:22:17+00:00\",\"dateModified\":\"2025-07-16T19:21:35+00:00\",\"breadcrumb\":{\"@id\":\"https:\/\/www.ecrivaine-essayiste.fr\/index.php\/contact-beatrysse-darstray\/#breadcrumb\"},\"inLanguage\":\"fr-FR\",\"potentialAction\":[{\"@type\":\"ReadAction\",\"target\":[\"https:\/\/www.ecrivaine-essayiste.fr\/index.php\/contact-beatrysse-darstray\/\"]}]},{\"@type\":\"BreadcrumbList\",\"@id\":\"https:\/\/www.ecrivaine-essayiste.fr\/index.php\/contact-beatrysse-darstray\/#breadcrumb\",\"itemListElement\":[{\"@type\":\"ListItem\",\"position\":1,\"name\":\"Accueil\",\"item\":\"https:\/\/www.ecrivaine-essayiste.fr\/\"},{\"@type\":\"ListItem\",\"position\":2,\"name\":\"Contact B\u00e9atrysse Darstray\"}]},{\"@type\":\"WebSite\",\"@id\":\"https:\/\/www.ecrivaine-essayiste.fr\/#website\",\"url\":\"https:\/\/www.ecrivaine-essayiste.fr\/\",\"name\":\"B\u00e9atrysse Dartstray - \u00c9crivaine-essayiste\",\"description\":\"Lecture plaisir...\",\"publisher\":{\"@id\":\"https:\/\/www.ecrivaine-essayiste.fr\/#organization\"},\"potentialAction\":[{\"@type\":\"SearchAction\",\"target\":{\"@type\":\"EntryPoint\",\"urlTemplate\":\"https:\/\/www.ecrivaine-essayiste.fr\/?s={search_term_string}\"},\"query-input\":{\"@type\":\"PropertyValueSpecification\",\"valueRequired\":true,\"valueName\":\"search_term_string\"}}],\"inLanguage\":\"fr-FR\"},{\"@type\":\"Organization\",\"@id\":\"https:\/\/www.ecrivaine-essayiste.fr\/#organization\",\"name\":\"B\u00e9atrysse Dartstray - \u00c9crivaine-essayiste\",\"url\":\"https:\/\/www.ecrivaine-essayiste.fr\/\",\"logo\":{\"@type\":\"ImageObject\",\"inLanguage\":\"fr-FR\",\"@id\":\"https:\/\/www.ecrivaine-essayiste.fr\/#\/schema\/logo\/image\/\",\"url\":\"https:\/\/www.ecrivaine-essayiste.fr\/wp-content\/uploads\/2017\/08\/cropped-havre_ecrivaine-essayiste.jpg\",\"contentUrl\":\"https:\/\/www.ecrivaine-essayiste.fr\/wp-content\/uploads\/2017\/08\/cropped-havre_ecrivaine-essayiste.jpg\",\"width\":2000,\"height\":1199,\"caption\":\"B\u00e9atrysse Dartstray - \u00c9crivaine-essayiste\"},\"image\":{\"@id\":\"https:\/\/www.ecrivaine-essayiste.fr\/#\/schema\/logo\/image\/\"}}]}<\/script>\n<!-- \/ Yoast SEO plugin. -->","yoast_head_json":{"title":"Contact B\u00e9atrysse Darstray - B\u00e9atrysse Dartstray - \u00c9crivaine-essayiste","robots":{"index":"index","follow":"follow","max-snippet":"max-snippet:-1","max-image-preview":"max-image-preview:large","max-video-preview":"max-video-preview:-1"},"canonical":"https:\/\/www.ecrivaine-essayiste.fr\/index.php\/contact-beatrysse-darstray\/","og_locale":"fr_FR","og_type":"article","og_title":"Contact B\u00e9atrysse Darstray - B\u00e9atrysse Dartstray - \u00c9crivaine-essayiste","og_url":"https:\/\/www.ecrivaine-essayiste.fr\/index.php\/contact-beatrysse-darstray\/","og_site_name":"B\u00e9atrysse Dartstray - \u00c9crivaine-essayiste","article_modified_time":"2025-07-16T19:21:35+00:00","twitter_card":"summary_large_image","twitter_misc":{"Dur\u00e9e de lecture estim\u00e9e":"1 minute"},"schema":{"@context":"https:\/\/schema.org","@graph":[{"@type":"WebPage","@id":"https:\/\/www.ecrivaine-essayiste.fr\/index.php\/contact-beatrysse-darstray\/","url":"https:\/\/www.ecrivaine-essayiste.fr\/index.php\/contact-beatrysse-darstray\/","name":"Contact B\u00e9atrysse Darstray - B\u00e9atrysse Dartstray - \u00c9crivaine-essayiste","isPartOf":{"@id":"https:\/\/www.ecrivaine-essayiste.fr\/#website"},"datePublished":"2017-07-26T16:22:17+00:00","dateModified":"2025-07-16T19:21:35+00:00","breadcrumb":{"@id":"https:\/\/www.ecrivaine-essayiste.fr\/index.php\/contact-beatrysse-darstray\/#breadcrumb"},"inLanguage":"fr-FR","potentialAction":[{"@type":"ReadAction","target":["https:\/\/www.ecrivaine-essayiste.fr\/index.php\/contact-beatrysse-darstray\/"]}]},{"@type":"BreadcrumbList","@id":"https:\/\/www.ecrivaine-essayiste.fr\/index.php\/contact-beatrysse-darstray\/#breadcrumb","itemListElement":[{"@type":"ListItem","position":1,"name":"Accueil","item":"https:\/\/www.ecrivaine-essayiste.fr\/"},{"@type":"ListItem","position":2,"name":"Contact B\u00e9atrysse Darstray"}]},{"@type":"WebSite","@id":"https:\/\/www.ecrivaine-essayiste.fr\/#website","url":"https:\/\/www.ecrivaine-essayiste.fr\/","name":"B\u00e9atrysse Dartstray - \u00c9crivaine-essayiste","description":"Lecture plaisir...","publisher":{"@id":"https:\/\/www.ecrivaine-essayiste.fr\/#organization"},"potentialAction":[{"@type":"SearchAction","target":{"@type":"EntryPoint","urlTemplate":"https:\/\/www.ecrivaine-essayiste.fr\/?s={search_term_string}"},"query-input":{"@type":"PropertyValueSpecification","valueRequired":true,"valueName":"search_term_string"}}],"inLanguage":"fr-FR"},{"@type":"Organization","@id":"https:\/\/www.ecrivaine-essayiste.fr\/#organization","name":"B\u00e9atrysse Dartstray - \u00c9crivaine-essayiste","url":"https:\/\/www.ecrivaine-essayiste.fr\/","logo":{"@type":"ImageObject","inLanguage":"fr-FR","@id":"https:\/\/www.ecrivaine-essayiste.fr\/#\/schema\/logo\/image\/","url":"https:\/\/www.ecrivaine-essayiste.fr\/wp-content\/uploads\/2017\/08\/cropped-havre_ecrivaine-essayiste.jpg","contentUrl":"https:\/\/www.ecrivaine-essayiste.fr\/wp-content\/uploads\/2017\/08\/cropped-havre_ecrivaine-essayiste.jpg","width":2000,"height":1199,"caption":"B\u00e9atrysse Dartstray - \u00c9crivaine-essayiste"},"image":{"@id":"https:\/\/www.ecrivaine-essayiste.fr\/#\/schema\/logo\/image\/"}}]}},"_links":{"self":[{"href":"https:\/\/www.ecrivaine-essayiste.fr\/index.php\/wp-json\/wp\/v2\/pages\/47","targetHints":{"allow":["GET"]}}],"collection":[{"href":"https:\/\/www.ecrivaine-essayiste.fr\/index.php\/wp-json\/wp\/v2\/pages"}],"about":[{"href":"https:\/\/www.ecrivaine-essayiste.fr\/index.php\/wp-json\/wp\/v2\/types\/page"}],"author":[{"embeddable":true,"href":"https:\/\/www.ecrivaine-essayiste.fr\/index.php\/wp-json\/wp\/v2\/users\/1"}],"replies":[{"embeddable":true,"href":"https:\/\/www.ecrivaine-essayiste.fr\/index.php\/wp-json\/wp\/v2\/comments?post=47"}],"version-history":[{"count":11,"href":"https:\/\/www.ecrivaine-essayiste.fr\/index.php\/wp-json\/wp\/v2\/pages\/47\/revisions"}],"predecessor-version":[{"id":1342,"href":"https:\/\/www.ecrivaine-essayiste.fr\/index.php\/wp-json\/wp\/v2\/pages\/47\/revisions\/1342"}],"wp:attachment":[{"href":"https:\/\/www.ecrivaine-essayiste.fr\/index.php\/wp-json\/wp\/v2\/media?parent=47"}],"curies":[{"name":"wp","href":"https:\/\/api.w.org\/{rel}","templated":true}]}}